{"id":1261,"date":"2025-02-09T12:59:25","date_gmt":"2025-02-09T12:59:25","guid":{"rendered":"https:\/\/pema.biz.pl\/?page_id=1261"},"modified":"2025-02-12T13:50:36","modified_gmt":"2025-02-12T13:50:36","slug":"ksiegowosc","status":"publish","type":"page","link":"https:\/\/pema.biz.pl\/index.php\/ksiegowosc\/","title":{"rendered":"Ksi\u0119gowo\u015b\u0107"},"content":{"rendered":"\t\t<div data-elementor-type=\"wp-page\" data-elementor-id=\"1261\" class=\"elementor elementor-1261\">\n\t\t\t\t\t\t<section class=\"elementor-section elementor-top-section elementor-element elementor-element-8828dd8 elementor-section-height-min-height elementor-section-items-bottom elementor-section-boxed elementor-section-height-default\" data-id=\"8828dd8\" data-element_type=\"section\" data-settings=\"{&quot;background_background&quot;:&quot;gradient&quot;}\">\n\t\t\t\t\t\t\t<div class=\"elementor-background-overlay\"><\/div>\n\t\t\t\t\t\t\t<div class=\"elementor-container elementor-column-gap-default\">\n\t\t\t\t\t<div class=\"elementor-column elementor-col-100 elementor-top-column elementor-element elementor-element-6d43801 animated-slow elementor-invisible\" data-id=\"6d43801\" data-element_type=\"column\" data-settings=\"{&quot;animation&quot;:&quot;fadeInRight&quot;}\">\n\t\t\t<div class=\"elementor-widget-wrap elementor-element-populated\">\n\t\t\t\t\t\t<div class=\"elementor-element elementor-element-31c8d6d animated-slow elementor-invisible elementor-widget elementor-widget-heading\" data-id=\"31c8d6d\" data-element_type=\"widget\" data-settings=\"{&quot;_animation&quot;:&quot;slideInRight&quot;,&quot;_animation_delay&quot;:1000}\" data-widget_type=\"heading.default\">\n\t\t\t\t<div class=\"elementor-widget-container\">\n\t\t\t\t\t<h1 class=\"elementor-heading-title elementor-size-default\">Ksi\u0119gowo\u015b\u0107<\/h1>\t\t\t\t<\/div>\n\t\t\t\t<\/div>\n\t\t\t\t<div class=\"elementor-element elementor-element-6f3ad35 animated-slow elementor-invisible elementor-widget elementor-widget-text-editor\" data-id=\"6f3ad35\" data-element_type=\"widget\" data-settings=\"{&quot;_animation&quot;:&quot;slideInRight&quot;,&quot;_animation_delay&quot;:1500}\" data-widget_type=\"text-editor.default\">\n\t\t\t\t<div class=\"elementor-widget-container\">\n\t\t\t\t\t\t\t\t\t<p><strong>\u201eUwa\u017caj na ma\u0142e wydatki. Niewielki wyciek zatopi wielki statek&#8221;<\/strong><em><strong> &#8211; <\/strong>Benjamin Franklin<\/em><\/p>\t\t\t\t\t\t\t\t<\/div>\n\t\t\t\t<\/div>\n\t\t\t\t\t<\/div>\n\t\t<\/div>\n\t\t\t\t\t<\/div>\n\t\t<\/section>\n\t\t<div class=\"elementor-element elementor-element-ae33bce e-flex e-con-boxed e-con e-parent\" data-id=\"ae33bce\" data-element_type=\"container\">\n\t\t\t\t\t<div class=\"e-con-inner\">\n\t\t\t\t<div class=\"elementor-element elementor-element-1b30787 animated-slow elementor-invisible elementor-widget elementor-widget-image\" data-id=\"1b30787\" data-element_type=\"widget\" data-settings=\"{&quot;_animation&quot;:&quot;slideInRight&quot;,&quot;_animation_delay&quot;:2000}\" data-widget_type=\"image.default\">\n\t\t\t\t<div class=\"elementor-widget-container\">\n\t\t\t\t\t\t\t\t\t\t\t\t\t\t\t<img fetchpriority=\"high\" decoding=\"async\" width=\"300\" height=\"200\" src=\"https:\/\/pema.biz.pl\/wp-content\/uploads\/2025\/02\/ksiegowoscm-300x200.jpg\" class=\"attachment-medium size-medium wp-image-1324\" alt=\"\" srcset=\"https:\/\/pema.biz.pl\/wp-content\/uploads\/2025\/02\/ksiegowoscm-300x200.jpg 300w, https:\/\/pema.biz.pl\/wp-content\/uploads\/2025\/02\/ksiegowoscm-768x512.jpg 768w, https:\/\/pema.biz.pl\/wp-content\/uploads\/2025\/02\/ksiegowoscm.jpg 800w\" sizes=\"(max-width: 300px) 100vw, 300px\" \/>\t\t\t\t\t\t\t\t\t\t\t\t\t\t\t<\/div>\n\t\t\t\t<\/div>\n\t\t\t\t\t<\/div>\n\t\t\t\t<\/div>\n\t\t\t\t<section class=\"elementor-section elementor-top-section elementor-element elementor-element-ca11b8a elementor-section-boxed elementor-section-height-default elementor-section-height-default\" data-id=\"ca11b8a\" data-element_type=\"section\" data-settings=\"{&quot;background_background&quot;:&quot;classic&quot;}\">\n\t\t\t\t\t\t\t<div class=\"elementor-background-overlay\"><\/div>\n\t\t\t\t\t\t\t<div class=\"elementor-container elementor-column-gap-default\">\n\t\t\t\t\t<div class=\"elementor-column elementor-col-100 elementor-top-column elementor-element elementor-element-1d4f779 elementor-hidden-tablet elementor-hidden-phone\" data-id=\"1d4f779\" data-element_type=\"column\">\n\t\t\t<div class=\"elementor-widget-wrap elementor-element-populated\">\n\t\t\t\t\t\t<div class=\"elementor-element elementor-element-f934dbe elementor-widget elementor-widget-text-editor\" data-id=\"f934dbe\" data-element_type=\"widget\" data-widget_type=\"text-editor.default\">\n\t\t\t\t<div class=\"elementor-widget-container\">\n\t\t\t\t\t\t\t\t\t<h4>Co oferujemy?<\/h4><p>\u00a0<\/p><ul><li>Kompleksowa obs\u0142uga firm \u2013 nasza dzia\u0142alno\u015b\u0107 obejmuje prowadzenie pe\u0142nych ksi\u0105g handlowych, rozliczenia<br \/>rycza\u0142tu, prowadzenie ksi\u0105\u017cki przychod\u00f3w i rozchod\u00f3w, rozliczenia z Urz\u0119dem Skarbowym, oraz wszystkie<br \/>niezb\u0119dne formalno\u015bci zwi\u0105zane z prowadzeniem ksi\u0119gowo\u015bci.<\/li><li>Obs\u0142uga proces\u00f3w ksi\u0119gowych \u2013 dok\u0142adnie analizujemy i optymalizujemy procesy finansowe zachodz\u0105ce w firmie.<br \/>Wsp\u00f3lnym celem jest poprawa efektywno\u015bci finansowej i minimalizacja ryzyka zwi\u0105zanego z b\u0142\u0119dami ksi\u0119gowymi.<\/li><li>Obs\u0142uga r\u00f3\u017cnych form prawnych \u2013 obs\u0142ugujemy klient\u00f3w prowadz\u0105cych r\u00f3\u017cne formy dzia\u0142alno\u015bci gospodarczej:<br \/>jednoosobowe dzia\u0142alno\u015bci gospodarcze, sp\u00f3\u0142ki cywilne, sp\u00f3\u0142ki z ograniczon\u0105 odpowiedzialno\u015bci\u0105, sp\u00f3\u0142ki<br \/>komandytowe .<br \/>Zapewniamy pe\u0142n\u0105 zgodno\u015b\u0107 z obowi\u0105zuj\u0105cymi przepisami.<\/li><li>Obs\u0142uga kontroli skarbowych \u2013 jeste\u015bmy w stanie przygotowa\u0107 naszych klient\u00f3w kontroli skarbowych.<br \/>Zapewniamy kompleksowe wsparcie w przygotowaniu niezb\u0119dnej dokumentacji.<\/li><li>Obs\u0142uga zaleg\u0142o\u015bci w US, ZUS, KRS:<br \/>wykonujemy zaleg\u0142e deklaracje miesi\u0119czne, roczne , sprawozdania finansowe, bilanse i rzis.<\/li><\/ul><p>Zapraszamy do wsp\u00f3\u0142pracy<\/p>\t\t\t\t\t\t\t\t<\/div>\n\t\t\t\t<\/div>\n\t\t\t\t\t<\/div>\n\t\t<\/div>\n\t\t\t\t\t<\/div>\n\t\t<\/section>\n\t\t\t\t<section class=\"elementor-section elementor-top-section elementor-element elementor-element-06874d2 elementor-section-boxed elementor-section-height-default elementor-section-height-default\" data-id=\"06874d2\" data-element_type=\"section\" data-settings=\"{&quot;background_background&quot;:&quot;classic&quot;}\">\n\t\t\t\t\t\t\t<div class=\"elementor-background-overlay\"><\/div>\n\t\t\t\t\t\t\t<div class=\"elementor-container elementor-column-gap-default\">\n\t\t\t\t\t<div class=\"elementor-column elementor-col-50 elementor-top-column elementor-element elementor-element-bd2fd33\" data-id=\"bd2fd33\" data-element_type=\"column\">\n\t\t\t<div class=\"elementor-widget-wrap elementor-element-populated\">\n\t\t\t\t\t\t<div class=\"elementor-element elementor-element-1ab81bf elementor-widget elementor-widget-counter\" data-id=\"1ab81bf\" data-element_type=\"widget\" data-widget_type=\"counter.default\">\n\t\t\t\t<div class=\"elementor-widget-container\">\n\t\t\t\t\t\t\t<div class=\"elementor-counter\">\n\t\t\t<div class=\"elementor-counter-title\">Lata naszej dzia\u0142alno\u015bci<\/div>\t\t\t<div class=\"elementor-counter-number-wrapper\">\n\t\t\t\t<span class=\"elementor-counter-number-prefix\"><\/span>\n\t\t\t\t<span class=\"elementor-counter-number\" data-duration=\"2000\" data-to-value=\"10\" data-from-value=\"0\" data-delimiter=\",\">0<\/span>\n\t\t\t\t<span class=\"elementor-counter-number-suffix\">+<\/span>\n\t\t\t<\/div>\n\t\t<\/div>\n\t\t\t\t\t\t<\/div>\n\t\t\t\t<\/div>\n\t\t\t\t\t<\/div>\n\t\t<\/div>\n\t\t\t\t<div class=\"elementor-column elementor-col-50 elementor-top-column elementor-element elementor-element-e8dfe74\" data-id=\"e8dfe74\" data-element_type=\"column\">\n\t\t\t<div class=\"elementor-widget-wrap elementor-element-populated\">\n\t\t\t\t\t\t<div class=\"elementor-element elementor-element-9249f96 elementor-widget elementor-widget-counter\" data-id=\"9249f96\" data-element_type=\"widget\" data-widget_type=\"counter.default\">\n\t\t\t\t<div class=\"elementor-widget-container\">\n\t\t\t\t\t\t\t<div class=\"elementor-counter\">\n\t\t\t<div class=\"elementor-counter-title\">Zadowoleni klienci<\/div>\t\t\t<div class=\"elementor-counter-number-wrapper\">\n\t\t\t\t<span class=\"elementor-counter-number-prefix\"><\/span>\n\t\t\t\t<span class=\"elementor-counter-number\" data-duration=\"2000\" data-to-value=\"300\" data-from-value=\"0\" data-delimiter=\",\">0<\/span>\n\t\t\t\t<span class=\"elementor-counter-number-suffix\">+<\/span>\n\t\t\t<\/div>\n\t\t<\/div>\n\t\t\t\t\t\t<\/div>\n\t\t\t\t<\/div>\n\t\t\t\t\t<\/div>\n\t\t<\/div>\n\t\t\t\t\t<\/div>\n\t\t<\/section>\n\t\t\t\t<\/div>\n\t\t","protected":false},"excerpt":{"rendered":"<p>Ksi\u0119gowo\u015b\u0107 \u201eUwa\u017caj na ma\u0142e wydatki. Niewielki wyciek zatopi wielki statek&#8221; &#8211; Benjamin Franklin Co oferujemy? \u00a0 Kompleksowa obs\u0142uga firm \u2013 nasza dzia\u0142alno\u015b\u0107 obejmuje prowadzenie pe\u0142nych ksi\u0105g handlowych, rozliczeniarycza\u0142tu, prowadzenie ksi\u0105\u017cki przychod\u00f3w i rozchod\u00f3w, rozliczenia z Urz\u0119dem Skarbowym, oraz wszystkieniezb\u0119dne formalno\u015bci zwi\u0105zane z prowadzeniem ksi\u0119gowo\u015bci. Obs\u0142uga proces\u00f3w ksi\u0119gowych \u2013 dok\u0142adnie analizujemy i optymalizujemy procesy finansowe zachodz\u0105ce&#8230;<\/p>\n","protected":false},"author":1,"featured_media":0,"parent":0,"menu_order":0,"comment_status":"closed","ping_status":"closed","template":"elementor_header_footer","meta":{"_kadence_starter_templates_imported_post":true,"_kad_post_transparent":"","_kad_post_title":"hide","_kad_post_layout":"normal","_kad_post_sidebar_id":"","_kad_post_content_style":"unboxed","_kad_post_vertical_padding":"hide","_kad_post_feature":"hide","_kad_post_feature_position":"","_kad_post_header":false,"_kad_post_footer":false,"footnotes":""},"class_list":["post-1261","page","type-page","status-publish","hentry"],"_links":{"self":[{"href":"https:\/\/pema.biz.pl\/index.php\/wp-json\/wp\/v2\/pages\/1261","targetHints":{"allow":["GET"]}}],"collection":[{"href":"https:\/\/pema.biz.pl\/index.php\/wp-json\/wp\/v2\/pages"}],"about":[{"href":"https:\/\/pema.biz.pl\/index.php\/wp-json\/wp\/v2\/types\/page"}],"author":[{"embeddable":true,"href":"https:\/\/pema.biz.pl\/index.php\/wp-json\/wp\/v2\/users\/1"}],"replies":[{"embeddable":true,"href":"https:\/\/pema.biz.pl\/index.php\/wp-json\/wp\/v2\/comments?post=1261"}],"version-history":[{"count":52,"href":"https:\/\/pema.biz.pl\/index.php\/wp-json\/wp\/v2\/pages\/1261\/revisions"}],"predecessor-version":[{"id":1599,"href":"https:\/\/pema.biz.pl\/index.php\/wp-json\/wp\/v2\/pages\/1261\/revisions\/1599"}],"wp:attachment":[{"href":"https:\/\/pema.biz.pl\/index.php\/wp-json\/wp\/v2\/media?parent=1261"}],"curies":[{"name":"wp","href":"https:\/\/api.w.org\/{rel}","templated":true}]}}