{"id":1265,"date":"2025-02-09T13:00:43","date_gmt":"2025-02-09T13:00:43","guid":{"rendered":"https:\/\/pema.biz.pl\/?page_id=1265"},"modified":"2025-02-12T14:48:56","modified_gmt":"2025-02-12T14:48:56","slug":"biuro-wirtualne","status":"publish","type":"page","link":"https:\/\/pema.biz.pl\/index.php\/biuro-wirtualne\/","title":{"rendered":"Biuro wirtualne"},"content":{"rendered":"\t\t<div data-elementor-type=\"wp-page\" data-elementor-id=\"1265\" class=\"elementor elementor-1265\">\n\t\t\t\t\t\t<section class=\"elementor-section elementor-top-section elementor-element elementor-element-8828dd8 elementor-section-height-min-height elementor-section-items-bottom elementor-section-boxed elementor-section-height-default\" data-id=\"8828dd8\" data-element_type=\"section\" data-settings=\"{&quot;background_background&quot;:&quot;gradient&quot;}\">\n\t\t\t\t\t\t\t<div class=\"elementor-background-overlay\"><\/div>\n\t\t\t\t\t\t\t<div class=\"elementor-container elementor-column-gap-default\">\n\t\t\t\t\t<div class=\"elementor-column elementor-col-100 elementor-top-column elementor-element elementor-element-6d43801\" data-id=\"6d43801\" data-element_type=\"column\">\n\t\t\t<div class=\"elementor-widget-wrap elementor-element-populated\">\n\t\t\t\t\t\t<div class=\"elementor-element elementor-element-31c8d6d animated-slow elementor-invisible elementor-widget elementor-widget-heading\" data-id=\"31c8d6d\" data-element_type=\"widget\" data-settings=\"{&quot;_animation&quot;:&quot;slideInRight&quot;,&quot;_animation_delay&quot;:1000}\" data-widget_type=\"heading.default\">\n\t\t\t\t<div class=\"elementor-widget-container\">\n\t\t\t\t\t<h1 class=\"elementor-heading-title elementor-size-default\">Biuro wirtualne<\/h1>\t\t\t\t<\/div>\n\t\t\t\t<\/div>\n\t\t\t\t<div class=\"elementor-element elementor-element-4b42c90 animated-slow elementor-invisible elementor-widget elementor-widget-text-editor\" data-id=\"4b42c90\" data-element_type=\"widget\" data-settings=\"{&quot;_animation&quot;:&quot;slideInRight&quot;,&quot;_animation_delay&quot;:1500}\" data-widget_type=\"text-editor.default\">\n\t\t\t\t<div class=\"elementor-widget-container\">\n\t\t\t\t\t\t\t\t\t<p><strong>Najbardziej niezadowoleni klienci to twoje najlepsze \u017ar\u00f3d\u0142o nauki &#8211; <\/strong><em>Bill Gates<\/em><\/p>\t\t\t\t\t\t\t\t<\/div>\n\t\t\t\t<\/div>\n\t\t\t\t\t<\/div>\n\t\t<\/div>\n\t\t\t\t\t<\/div>\n\t\t<\/section>\n\t\t<div class=\"elementor-element elementor-element-cf35e13 e-flex e-con-boxed e-con e-parent\" data-id=\"cf35e13\" data-element_type=\"container\">\n\t\t\t\t\t<div class=\"e-con-inner\">\n\t\t\t\t<div class=\"elementor-element elementor-element-7ee10c8 animated-slow elementor-invisible elementor-widget elementor-widget-image\" data-id=\"7ee10c8\" data-element_type=\"widget\" data-settings=\"{&quot;_animation&quot;:&quot;slideInRight&quot;,&quot;_animation_delay&quot;:2000}\" data-widget_type=\"image.default\">\n\t\t\t\t<div class=\"elementor-widget-container\">\n\t\t\t\t\t\t\t\t\t\t\t\t\t\t\t<img fetchpriority=\"high\" decoding=\"async\" width=\"300\" height=\"200\" src=\"https:\/\/pema.biz.pl\/wp-content\/uploads\/2025\/02\/biurom-300x200.jpg\" class=\"attachment-medium size-medium wp-image-1328\" alt=\"\" srcset=\"https:\/\/pema.biz.pl\/wp-content\/uploads\/2025\/02\/biurom-300x200.jpg 300w, https:\/\/pema.biz.pl\/wp-content\/uploads\/2025\/02\/biurom-768x512.jpg 768w, https:\/\/pema.biz.pl\/wp-content\/uploads\/2025\/02\/biurom.jpg 800w\" sizes=\"(max-width: 300px) 100vw, 300px\" \/>\t\t\t\t\t\t\t\t\t\t\t\t\t\t\t<\/div>\n\t\t\t\t<\/div>\n\t\t\t\t\t<\/div>\n\t\t\t\t<\/div>\n\t\t<div class=\"elementor-element elementor-element-11ae2ad e-flex e-con-boxed e-con e-parent\" data-id=\"11ae2ad\" data-element_type=\"container\">\n\t\t\t\t\t<div class=\"e-con-inner\">\n\t\t\t\t<div class=\"elementor-element elementor-element-047a8ef elementor-widget elementor-widget-spacer\" data-id=\"047a8ef\" data-element_type=\"widget\" data-widget_type=\"spacer.default\">\n\t\t\t\t<div class=\"elementor-widget-container\">\n\t\t\t\t\t\t\t<div class=\"elementor-spacer\">\n\t\t\t<div class=\"elementor-spacer-inner\"><\/div>\n\t\t<\/div>\n\t\t\t\t\t\t<\/div>\n\t\t\t\t<\/div>\n\t\t\t\t\t<\/div>\n\t\t\t\t<\/div>\n\t\t<div class=\"elementor-element elementor-element-e955c52 e-flex e-con-boxed e-con e-parent\" data-id=\"e955c52\" data-element_type=\"container\" data-settings=\"{&quot;background_background&quot;:&quot;classic&quot;}\">\n\t\t\t\t\t<div class=\"e-con-inner\">\n\t\t\t\t<div class=\"elementor-element elementor-element-f1f6176 elementor-widget elementor-widget-spacer\" data-id=\"f1f6176\" data-element_type=\"widget\" data-widget_type=\"spacer.default\">\n\t\t\t\t<div class=\"elementor-widget-container\">\n\t\t\t\t\t\t\t<div class=\"elementor-spacer\">\n\t\t\t<div class=\"elementor-spacer-inner\"><\/div>\n\t\t<\/div>\n\t\t\t\t\t\t<\/div>\n\t\t\t\t<\/div>\n\t\t\t\t<div class=\"elementor-element elementor-element-cace094 elementor-widget elementor-widget-text-editor\" data-id=\"cace094\" data-element_type=\"widget\" data-widget_type=\"text-editor.default\">\n\t\t\t\t<div class=\"elementor-widget-container\">\n\t\t\t\t\t\t\t\t\t<p>W dzisiejszych czasach, w miar\u0119 jak technologia rozwija si\u0119 w szybkim tempie, wiele przedsi\u0119biorstw decyduje si\u0119 na korzystanie z us\u0142ug biur wirtualnych. Biuro wirtualne to rozwi\u0105zanie, kt\u00f3re umo\u017cliwia firmom posiadanie profesjonalnego adresu siedziby oraz dost\u0119pu do us\u0142ug biurowych bez konieczno\u015bci wynajmowania fizycznej przestrzeni biurowej.<\/p><p><strong>Zalety biura wirtualnego:<\/strong><\/p><ol class=\"list-decimal pl-[18px] rtl:pr-[18px]\"><li><strong>Oszcz\u0119dno\u015b\u0107 koszt\u00f3w<\/strong>\u00a0&#8211; Wirtualne biuro eliminuje potrzeb\u0119 ponoszenia wysokich koszt\u00f3w zwi\u0105zanych z wynajmem tradycyjnego biura.<\/li><li><strong>Elastyczno\u015b\u0107<\/strong>\u00a0&#8211; Firmy mog\u0105 dostosowa\u0107 us\u0142ugi do swoich potrzeb, korzystaj\u0105c z r\u00f3\u017cnych pakiet\u00f3w oferowanych przez dostawc\u00f3w biur wirtualnych.<\/li><li><strong>Profesjonalny wizerunek<\/strong>\u00a0&#8211; Posiadanie presti\u017cowego adresu siedziby mo\u017ce pozytywnie wp\u0142yn\u0105\u0107 na postrzeganie firmy przez klient\u00f3w.<\/li><li><strong>Us\u0142ugi dodatkowe<\/strong>\u00a0&#8211; Wiele biur wirtualnych oferuje dodatkowe us\u0142ugi, takie jak obs\u0142uga korespondencji, dost\u0119p do sal konferencyjnych czy wsparcie administracyjne.<\/li><\/ol><p><strong>Podsumowanie<\/strong><\/p><p>Biuro wirtualne stanowi atrakcyjn\u0105 alternatyw\u0119 dla tradycyjnych rozwi\u0105za\u0144 biurowych, szczeg\u00f3lnie dla ma\u0142ych i \u015brednich przedsi\u0119biorstw. Dzi\u0119ki elastyczno\u015bci i oszcz\u0119dno\u015bci koszt\u00f3w, wirtualne biuro mo\u017ce przyczyni\u0107 si\u0119 do efektywnego zarz\u0105dzania dzia\u0142alno\u015bci\u0105 gospodarcz\u0105. Warto rozwa\u017cy\u0107 t\u0119 opcj\u0119, aby dostosowa\u0107 si\u0119 do zmieniaj\u0105cych si\u0119 warunk\u00f3w rynkowych.<\/p>\t\t\t\t\t\t\t\t<\/div>\n\t\t\t\t<\/div>\n\t\t\t\t<div class=\"elementor-element elementor-element-20bca00 elementor-widget elementor-widget-spacer\" data-id=\"20bca00\" data-element_type=\"widget\" data-widget_type=\"spacer.default\">\n\t\t\t\t<div class=\"elementor-widget-container\">\n\t\t\t\t\t\t\t<div class=\"elementor-spacer\">\n\t\t\t<div class=\"elementor-spacer-inner\"><\/div>\n\t\t<\/div>\n\t\t\t\t\t\t<\/div>\n\t\t\t\t<\/div>\n\t\t\t\t\t<\/div>\n\t\t\t\t<\/div>\n\t\t<div class=\"elementor-element elementor-element-8b1b10d e-flex e-con-boxed e-con e-parent\" data-id=\"8b1b10d\" data-element_type=\"container\">\n\t\t\t\t\t<div class=\"e-con-inner\">\n\t\t\t\t<div class=\"elementor-element elementor-element-02c8d8c elementor-widget elementor-widget-spacer\" data-id=\"02c8d8c\" data-element_type=\"widget\" data-widget_type=\"spacer.default\">\n\t\t\t\t<div class=\"elementor-widget-container\">\n\t\t\t\t\t\t\t<div class=\"elementor-spacer\">\n\t\t\t<div class=\"elementor-spacer-inner\"><\/div>\n\t\t<\/div>\n\t\t\t\t\t\t<\/div>\n\t\t\t\t<\/div>\n\t\t\t\t\t<\/div>\n\t\t\t\t<\/div>\n\t\t\t\t<\/div>\n\t\t","protected":false},"excerpt":{"rendered":"<p>Biuro wirtualne Najbardziej niezadowoleni klienci to twoje najlepsze \u017ar\u00f3d\u0142o nauki &#8211; Bill Gates W dzisiejszych czasach, w miar\u0119 jak technologia rozwija si\u0119 w szybkim tempie, wiele przedsi\u0119biorstw decyduje si\u0119 na korzystanie z us\u0142ug biur wirtualnych. Biuro wirtualne to rozwi\u0105zanie, kt\u00f3re umo\u017cliwia firmom posiadanie profesjonalnego adresu siedziby oraz dost\u0119pu do us\u0142ug biurowych bez konieczno\u015bci wynajmowania fizycznej&#8230;<\/p>\n","protected":false},"author":1,"featured_media":0,"parent":0,"menu_order":0,"comment_status":"closed","ping_status":"closed","template":"elementor_header_footer","meta":{"_kadence_starter_templates_imported_post":true,"_kad_post_transparent":"","_kad_post_title":"hide","_kad_post_layout":"normal","_kad_post_sidebar_id":"","_kad_post_content_style":"unboxed","_kad_post_vertical_padding":"hide","_kad_post_feature":"hide","_kad_post_feature_position":"","_kad_post_header":false,"_kad_post_footer":false,"footnotes":""},"class_list":["post-1265","page","type-page","status-publish","hentry"],"_links":{"self":[{"href":"https:\/\/pema.biz.pl\/index.php\/wp-json\/wp\/v2\/pages\/1265","targetHints":{"allow":["GET"]}}],"collection":[{"href":"https:\/\/pema.biz.pl\/index.php\/wp-json\/wp\/v2\/pages"}],"about":[{"href":"https:\/\/pema.biz.pl\/index.php\/wp-json\/wp\/v2\/types\/page"}],"author":[{"embeddable":true,"href":"https:\/\/pema.biz.pl\/index.php\/wp-json\/wp\/v2\/users\/1"}],"replies":[{"embeddable":true,"href":"https:\/\/pema.biz.pl\/index.php\/wp-json\/wp\/v2\/comments?post=1265"}],"version-history":[{"count":10,"href":"https:\/\/pema.biz.pl\/index.php\/wp-json\/wp\/v2\/pages\/1265\/revisions"}],"predecessor-version":[{"id":1686,"href":"https:\/\/pema.biz.pl\/index.php\/wp-json\/wp\/v2\/pages\/1265\/revisions\/1686"}],"wp:attachment":[{"href":"https:\/\/pema.biz.pl\/index.php\/wp-json\/wp\/v2\/media?parent=1265"}],"curies":[{"name":"wp","href":"https:\/\/api.w.org\/{rel}","templated":true}]}}