{"id":1270,"date":"2025-02-09T13:09:34","date_gmt":"2025-02-09T13:09:34","guid":{"rendered":"https:\/\/pema.biz.pl\/?page_id=1270"},"modified":"2025-02-12T14:43:44","modified_gmt":"2025-02-12T14:43:44","slug":"podpis-kwalifikowany","status":"publish","type":"page","link":"https:\/\/pema.biz.pl\/index.php\/podpis-kwalifikowany\/","title":{"rendered":"Podpis kwalifikowany"},"content":{"rendered":"\t\t<div data-elementor-type=\"wp-page\" data-elementor-id=\"1270\" class=\"elementor elementor-1270\">\n\t\t\t\t\t\t<section class=\"elementor-section elementor-top-section elementor-element elementor-element-8828dd8 elementor-section-height-min-height elementor-section-items-bottom elementor-section-boxed elementor-section-height-default\" data-id=\"8828dd8\" data-element_type=\"section\" data-settings=\"{&quot;background_background&quot;:&quot;gradient&quot;}\">\n\t\t\t\t\t\t\t<div class=\"elementor-background-overlay\"><\/div>\n\t\t\t\t\t\t\t<div class=\"elementor-container elementor-column-gap-default\">\n\t\t\t\t\t<div class=\"elementor-column elementor-col-100 elementor-top-column elementor-element elementor-element-6d43801\" data-id=\"6d43801\" data-element_type=\"column\">\n\t\t\t<div class=\"elementor-widget-wrap elementor-element-populated\">\n\t\t\t\t\t\t<div class=\"elementor-element elementor-element-31c8d6d animated-slow elementor-invisible elementor-widget elementor-widget-heading\" data-id=\"31c8d6d\" data-element_type=\"widget\" data-settings=\"{&quot;_animation&quot;:&quot;slideInRight&quot;,&quot;_animation_delay&quot;:1000}\" data-widget_type=\"heading.default\">\n\t\t\t\t<div class=\"elementor-widget-container\">\n\t\t\t\t\t<h1 class=\"elementor-heading-title elementor-size-default\">Podpis kwalifikowany<\/h1>\t\t\t\t<\/div>\n\t\t\t\t<\/div>\n\t\t\t\t<div class=\"elementor-element elementor-element-525955c animated-slow elementor-invisible elementor-widget elementor-widget-text-editor\" data-id=\"525955c\" data-element_type=\"widget\" data-settings=\"{&quot;_animation&quot;:&quot;slideInRight&quot;,&quot;_animation_delay&quot;:1500}\" data-widget_type=\"text-editor.default\">\n\t\t\t\t<div class=\"elementor-widget-container\">\n\t\t\t\t\t\t\t\t\t<p><strong>Wszystko b\u0119dzie, jak by\u0107 powinno, tak ju\u017c jest urz\u0105dzony \u015bwiat &#8211; <\/strong><em>Michai\u0142 Bu\u0142hakow<\/em><\/p>\t\t\t\t\t\t\t\t<\/div>\n\t\t\t\t<\/div>\n\t\t\t\t\t<\/div>\n\t\t<\/div>\n\t\t\t\t\t<\/div>\n\t\t<\/section>\n\t\t<div class=\"elementor-element elementor-element-b588c82 e-flex e-con-boxed e-con e-parent\" data-id=\"b588c82\" data-element_type=\"container\">\n\t\t\t\t\t<div class=\"e-con-inner\">\n\t\t\t\t<div class=\"elementor-element elementor-element-43ca4ff animated-slow elementor-invisible elementor-widget elementor-widget-image\" data-id=\"43ca4ff\" data-element_type=\"widget\" data-settings=\"{&quot;_animation&quot;:&quot;slideInRight&quot;,&quot;_animation_delay&quot;:2000}\" data-widget_type=\"image.default\">\n\t\t\t\t<div class=\"elementor-widget-container\">\n\t\t\t\t\t\t\t\t\t\t\t\t\t\t\t<img fetchpriority=\"high\" decoding=\"async\" width=\"300\" height=\"200\" src=\"https:\/\/pema.biz.pl\/wp-content\/uploads\/2025\/02\/podpism-300x200.jpg\" class=\"attachment-medium size-medium wp-image-1329\" alt=\"\" srcset=\"https:\/\/pema.biz.pl\/wp-content\/uploads\/2025\/02\/podpism-300x200.jpg 300w, https:\/\/pema.biz.pl\/wp-content\/uploads\/2025\/02\/podpism-768x512.jpg 768w, https:\/\/pema.biz.pl\/wp-content\/uploads\/2025\/02\/podpism.jpg 800w\" sizes=\"(max-width: 300px) 100vw, 300px\" \/>\t\t\t\t\t\t\t\t\t\t\t\t\t\t\t<\/div>\n\t\t\t\t<\/div>\n\t\t\t\t\t<\/div>\n\t\t\t\t<\/div>\n\t\t<div class=\"elementor-element elementor-element-291a2da e-flex e-con-boxed e-con e-parent\" data-id=\"291a2da\" data-element_type=\"container\">\n\t\t\t\t\t<div class=\"e-con-inner\">\n\t\t\t\t<div class=\"elementor-element elementor-element-d3ab795 elementor-widget elementor-widget-spacer\" data-id=\"d3ab795\" data-element_type=\"widget\" data-widget_type=\"spacer.default\">\n\t\t\t\t<div class=\"elementor-widget-container\">\n\t\t\t\t\t\t\t<div class=\"elementor-spacer\">\n\t\t\t<div class=\"elementor-spacer-inner\"><\/div>\n\t\t<\/div>\n\t\t\t\t\t\t<\/div>\n\t\t\t\t<\/div>\n\t\t\t\t\t<\/div>\n\t\t\t\t<\/div>\n\t\t<div class=\"elementor-element elementor-element-9b11eb1 e-flex e-con-boxed e-con e-parent\" data-id=\"9b11eb1\" data-element_type=\"container\" data-settings=\"{&quot;background_background&quot;:&quot;classic&quot;}\">\n\t\t\t\t\t<div class=\"e-con-inner\">\n\t\t\t\t<div class=\"elementor-element elementor-element-c0b5b7f elementor-widget elementor-widget-spacer\" data-id=\"c0b5b7f\" data-element_type=\"widget\" data-widget_type=\"spacer.default\">\n\t\t\t\t<div class=\"elementor-widget-container\">\n\t\t\t\t\t\t\t<div class=\"elementor-spacer\">\n\t\t\t<div class=\"elementor-spacer-inner\"><\/div>\n\t\t<\/div>\n\t\t\t\t\t\t<\/div>\n\t\t\t\t<\/div>\n\t\t\t\t<div class=\"elementor-element elementor-element-ec51a68 elementor-widget elementor-widget-text-editor\" data-id=\"ec51a68\" data-element_type=\"widget\" data-widget_type=\"text-editor.default\">\n\t\t\t\t<div class=\"elementor-widget-container\">\n\t\t\t\t\t\t\t\t\t<div class=\"[&amp;&gt;p:not(:first-child)]:mt-4\" style=\"box-sizing: border-box; --tw-border-spacing-x: 0; --tw-border-spacing-y: 0; --tw-translate-x: 0; --tw-translate-y: 0; --tw-rotate: 0; --tw-skew-x: 0; --tw-skew-y: 0; --tw-scale-x: 1; --tw-scale-y: 1; --tw-scroll-snap-strictness: proximity; --tw-ring-offset-width: 0px; --tw-ring-offset-color: #fff; --tw-ring-color: rgb(59 130 246 \/ 0.5); --tw-ring-offset-shadow: 0 0 #0000; --tw-ring-shadow: 0 0 #0000; --tw-shadow: 0 0 #0000; --tw-shadow-colored: 0 0 #0000; border: 0px solid #e5e7eb;\"><p>Podpis kwalifikowany to rodzaj podpisu elektronicznego, kt\u00f3ry ma moc prawn\u0105 r\u00f3wn\u0105 podpisowi w\u0142asnor\u0119cznemu. Jest on po\u015bwiadczony specjalnym certyfikatem kwalifikowanym, kt\u00f3ry jest wydawany przez akredytowane podmioty \u015bwiadcz\u0105ce us\u0142ugi certyfikacyjne.<\/p><h4 class=\"my-[1em] leading-[1.4] text-[14px]\">Kluczowe informacje:<\/h4><ol class=\"list-decimal pl-[18px] rtl:pr-[18px]\"><li><strong>Moc prawna<\/strong>: Podpis kwalifikowany wywo\u0142uje takie same skutki prawne jak podpis odr\u0119czny, co czyni go wiarygodnym narz\u0119dziem w obiegu dokument\u00f3w elektronicznych.<\/li><li><strong>Certyfikat<\/strong>: Aby uzyska\u0107 podpis kwalifikowany, konieczne jest posiadanie certyfikatu, kt\u00f3ry musi by\u0107 wydany przez dostawc\u0119 wpisanego do rejestru kwalifikowanych podmiot\u00f3w.<\/li><li><strong>Zastosowanie<\/strong>: Podpis kwalifikowany jest wykorzystywany w sytuacjach, gdzie wymagany jest podpis w\u0142asnor\u0119czny, w tym w umowach, dokumentach urz\u0119dowych oraz w komunikacji z instytucjami publicznymi.<\/li><\/ol><p>Podsumowuj\u0105c, podpis kwalifikowany stanowi istotny element nowoczesnego obiegu dokument\u00f3w, zapewniaj\u0105c bezpiecze\u0144stwo i legalno\u015b\u0107 transakcji elektronicznych.<\/p><\/div>\t\t\t\t\t\t\t\t<\/div>\n\t\t\t\t<\/div>\n\t\t\t\t<div class=\"elementor-element elementor-element-3f4d1d0 elementor-widget elementor-widget-spacer\" data-id=\"3f4d1d0\" data-element_type=\"widget\" data-widget_type=\"spacer.default\">\n\t\t\t\t<div class=\"elementor-widget-container\">\n\t\t\t\t\t\t\t<div class=\"elementor-spacer\">\n\t\t\t<div class=\"elementor-spacer-inner\"><\/div>\n\t\t<\/div>\n\t\t\t\t\t\t<\/div>\n\t\t\t\t<\/div>\n\t\t\t\t\t<\/div>\n\t\t\t\t<\/div>\n\t\t<div class=\"elementor-element elementor-element-2225e91 e-flex e-con-boxed e-con e-parent\" data-id=\"2225e91\" data-element_type=\"container\">\n\t\t\t\t\t<div class=\"e-con-inner\">\n\t\t\t\t<div class=\"elementor-element elementor-element-04e18db elementor-widget elementor-widget-spacer\" data-id=\"04e18db\" data-element_type=\"widget\" data-widget_type=\"spacer.default\">\n\t\t\t\t<div class=\"elementor-widget-container\">\n\t\t\t\t\t\t\t<div class=\"elementor-spacer\">\n\t\t\t<div class=\"elementor-spacer-inner\"><\/div>\n\t\t<\/div>\n\t\t\t\t\t\t<\/div>\n\t\t\t\t<\/div>\n\t\t\t\t\t<\/div>\n\t\t\t\t<\/div>\n\t\t\t\t<\/div>\n\t\t","protected":false},"excerpt":{"rendered":"<p>Podpis kwalifikowany Wszystko b\u0119dzie, jak by\u0107 powinno, tak ju\u017c jest urz\u0105dzony \u015bwiat &#8211; Michai\u0142 Bu\u0142hakow Podpis kwalifikowany to rodzaj podpisu elektronicznego, kt\u00f3ry ma moc prawn\u0105 r\u00f3wn\u0105 podpisowi w\u0142asnor\u0119cznemu. Jest on po\u015bwiadczony specjalnym certyfikatem kwalifikowanym, kt\u00f3ry jest wydawany przez akredytowane podmioty \u015bwiadcz\u0105ce us\u0142ugi certyfikacyjne. Kluczowe informacje: Moc prawna: Podpis kwalifikowany wywo\u0142uje takie same skutki prawne jak&#8230;<\/p>\n","protected":false},"author":1,"featured_media":0,"parent":0,"menu_order":0,"comment_status":"closed","ping_status":"closed","template":"elementor_header_footer","meta":{"_kadence_starter_templates_imported_post":true,"_kad_post_transparent":"","_kad_post_title":"hide","_kad_post_layout":"normal","_kad_post_sidebar_id":"","_kad_post_content_style":"unboxed","_kad_post_vertical_padding":"hide","_kad_post_feature":"hide","_kad_post_feature_position":"","_kad_post_header":false,"_kad_post_footer":false,"footnotes":""},"class_list":["post-1270","page","type-page","status-publish","hentry"],"_links":{"self":[{"href":"https:\/\/pema.biz.pl\/index.php\/wp-json\/wp\/v2\/pages\/1270","targetHints":{"allow":["GET"]}}],"collection":[{"href":"https:\/\/pema.biz.pl\/index.php\/wp-json\/wp\/v2\/pages"}],"about":[{"href":"https:\/\/pema.biz.pl\/index.php\/wp-json\/wp\/v2\/types\/page"}],"author":[{"embeddable":true,"href":"https:\/\/pema.biz.pl\/index.php\/wp-json\/wp\/v2\/users\/1"}],"replies":[{"embeddable":true,"href":"https:\/\/pema.biz.pl\/index.php\/wp-json\/wp\/v2\/comments?post=1270"}],"version-history":[{"count":19,"href":"https:\/\/pema.biz.pl\/index.php\/wp-json\/wp\/v2\/pages\/1270\/revisions"}],"predecessor-version":[{"id":1677,"href":"https:\/\/pema.biz.pl\/index.php\/wp-json\/wp\/v2\/pages\/1270\/revisions\/1677"}],"wp:attachment":[{"href":"https:\/\/pema.biz.pl\/index.php\/wp-json\/wp\/v2\/media?parent=1270"}],"curies":[{"name":"wp","href":"https:\/\/api.w.org\/{rel}","templated":true}]}}