{"id":1274,"date":"2025-02-09T13:11:24","date_gmt":"2025-02-09T13:11:24","guid":{"rendered":"https:\/\/pema.biz.pl\/?page_id=1274"},"modified":"2025-02-12T14:54:56","modified_gmt":"2025-02-12T14:54:56","slug":"e-krs","status":"publish","type":"page","link":"https:\/\/pema.biz.pl\/index.php\/e-krs\/","title":{"rendered":"e-KRS"},"content":{"rendered":"\t\t<div data-elementor-type=\"wp-page\" data-elementor-id=\"1274\" class=\"elementor elementor-1274\">\n\t\t\t\t\t\t<section class=\"elementor-section elementor-top-section elementor-element elementor-element-8828dd8 elementor-section-height-min-height elementor-section-items-bottom elementor-section-boxed elementor-section-height-default\" data-id=\"8828dd8\" data-element_type=\"section\" data-settings=\"{&quot;background_background&quot;:&quot;gradient&quot;}\">\n\t\t\t\t\t\t\t<div class=\"elementor-background-overlay\"><\/div>\n\t\t\t\t\t\t\t<div class=\"elementor-container elementor-column-gap-default\">\n\t\t\t\t\t<div class=\"elementor-column elementor-col-100 elementor-top-column elementor-element elementor-element-6d43801\" data-id=\"6d43801\" data-element_type=\"column\">\n\t\t\t<div class=\"elementor-widget-wrap elementor-element-populated\">\n\t\t\t\t\t\t<div class=\"elementor-element elementor-element-31c8d6d animated-slow elementor-invisible elementor-widget elementor-widget-heading\" data-id=\"31c8d6d\" data-element_type=\"widget\" data-settings=\"{&quot;_animation&quot;:&quot;slideInRight&quot;,&quot;_animation_delay&quot;:1000}\" data-widget_type=\"heading.default\">\n\t\t\t\t<div class=\"elementor-widget-container\">\n\t\t\t\t\t<h1 class=\"elementor-heading-title elementor-size-default\">e-KRS<\/h1>\t\t\t\t<\/div>\n\t\t\t\t<\/div>\n\t\t\t\t<div class=\"elementor-element elementor-element-670274e animated-slow elementor-invisible elementor-widget elementor-widget-text-editor\" data-id=\"670274e\" data-element_type=\"widget\" data-settings=\"{&quot;_animation&quot;:&quot;slideInRight&quot;,&quot;_animation_delay&quot;:1500}\" data-widget_type=\"text-editor.default\">\n\t\t\t\t<div class=\"elementor-widget-container\">\n\t\t\t\t\t\t\t\t\t<p><strong>Czasem tw\u00f3j najlepszy biznes to ten, kt\u00f3rego nie zrobi\u0142e\u015b &#8211; <\/strong><em>Donald Trump<\/em><\/p>\t\t\t\t\t\t\t\t<\/div>\n\t\t\t\t<\/div>\n\t\t\t\t\t<\/div>\n\t\t<\/div>\n\t\t\t\t\t<\/div>\n\t\t<\/section>\n\t\t<div class=\"elementor-element elementor-element-8c520cc e-flex e-con-boxed e-con e-parent\" data-id=\"8c520cc\" data-element_type=\"container\">\n\t\t\t\t\t<div class=\"e-con-inner\">\n\t\t\t\t<div class=\"elementor-element elementor-element-217ef33 animated-slow elementor-invisible elementor-widget elementor-widget-image\" data-id=\"217ef33\" data-element_type=\"widget\" data-settings=\"{&quot;_animation&quot;:&quot;slideInRight&quot;,&quot;_animation_delay&quot;:2000}\" data-widget_type=\"image.default\">\n\t\t\t\t<div class=\"elementor-widget-container\">\n\t\t\t\t\t\t\t\t\t\t\t\t\t\t\t<img fetchpriority=\"high\" decoding=\"async\" width=\"300\" height=\"200\" src=\"https:\/\/pema.biz.pl\/wp-content\/uploads\/2025\/02\/ekrsm-300x200.jpg\" class=\"attachment-medium size-medium wp-image-1331\" alt=\"\" srcset=\"https:\/\/pema.biz.pl\/wp-content\/uploads\/2025\/02\/ekrsm-300x200.jpg 300w, https:\/\/pema.biz.pl\/wp-content\/uploads\/2025\/02\/ekrsm-768x512.jpg 768w, https:\/\/pema.biz.pl\/wp-content\/uploads\/2025\/02\/ekrsm.jpg 800w\" sizes=\"(max-width: 300px) 100vw, 300px\" \/>\t\t\t\t\t\t\t\t\t\t\t\t\t\t\t<\/div>\n\t\t\t\t<\/div>\n\t\t\t\t\t<\/div>\n\t\t\t\t<\/div>\n\t\t<div class=\"elementor-element elementor-element-b62a6bc e-flex e-con-boxed e-con e-parent\" data-id=\"b62a6bc\" data-element_type=\"container\">\n\t\t\t\t\t<div class=\"e-con-inner\">\n\t\t\t\t<div class=\"elementor-element elementor-element-64fff0f elementor-widget elementor-widget-spacer\" data-id=\"64fff0f\" data-element_type=\"widget\" data-widget_type=\"spacer.default\">\n\t\t\t\t<div class=\"elementor-widget-container\">\n\t\t\t\t\t\t\t<div class=\"elementor-spacer\">\n\t\t\t<div class=\"elementor-spacer-inner\"><\/div>\n\t\t<\/div>\n\t\t\t\t\t\t<\/div>\n\t\t\t\t<\/div>\n\t\t\t\t\t<\/div>\n\t\t\t\t<\/div>\n\t\t<div class=\"elementor-element elementor-element-4adf475 e-flex e-con-boxed e-con e-parent\" data-id=\"4adf475\" data-element_type=\"container\" data-settings=\"{&quot;background_background&quot;:&quot;classic&quot;}\">\n\t\t\t\t\t<div class=\"e-con-inner\">\n\t\t\t\t<div class=\"elementor-element elementor-element-2be337c elementor-widget elementor-widget-spacer\" data-id=\"2be337c\" data-element_type=\"widget\" data-widget_type=\"spacer.default\">\n\t\t\t\t<div class=\"elementor-widget-container\">\n\t\t\t\t\t\t\t<div class=\"elementor-spacer\">\n\t\t\t<div class=\"elementor-spacer-inner\"><\/div>\n\t\t<\/div>\n\t\t\t\t\t\t<\/div>\n\t\t\t\t<\/div>\n\t\t\t\t<div class=\"elementor-element elementor-element-ed3a2f5 elementor-widget elementor-widget-text-editor\" data-id=\"ed3a2f5\" data-element_type=\"widget\" data-widget_type=\"text-editor.default\">\n\t\t\t\t<div class=\"elementor-widget-container\">\n\t\t\t\t\t\t\t\t\t<div class=\"[&amp;&gt;p:not(:first-child)]:mt-4\" style=\"box-sizing: border-box; --tw-border-spacing-x: 0; --tw-border-spacing-y: 0; --tw-translate-x: 0; --tw-translate-y: 0; --tw-rotate: 0; --tw-skew-x: 0; --tw-skew-y: 0; --tw-scale-x: 1; --tw-scale-y: 1; --tw-scroll-snap-strictness: proximity; --tw-ring-offset-width: 0px; --tw-ring-offset-color: #fff; --tw-ring-color: rgb(59 130 246 \/ 0.5); --tw-ring-offset-shadow: 0 0 #0000; --tw-ring-shadow: 0 0 #0000; --tw-shadow: 0 0 #0000; --tw-shadow-colored: 0 0 #0000; border: 0px solid #e5e7eb;\"><h3 class=\"my-[1em] leading-[1.4] text-[16px]\">Elektroniczny Krajowy Rejestr S\u0105dowy<\/h3><p>e-KRS, czyli Elektroniczny Krajowy Rejestr S\u0105dowy, to system umo\u017cliwiaj\u0105cy sk\u0142adanie wniosk\u00f3w oraz dokonywanie zmian w rejestrze przedsi\u0119biorc\u00f3w w formie elektronicznej. Jest to innowacyjne rozwi\u0105zanie, kt\u00f3re ma na celu uproszczenie i przyspieszenie proces\u00f3w rejestracyjnych w Polsce.<\/p><h4 class=\"my-[1em] leading-[1.4] text-[14px]\">Kluczowe informacje o e-KRS:<\/h4><ol class=\"list-decimal pl-[18px] rtl:pr-[18px]\"><li><strong>Rejestracja podmiot\u00f3w<\/strong>: U\u017cytkownicy mog\u0105 sk\u0142ada\u0107 wnioski o wpis do Krajowego Rejestru S\u0105dowego (KRS) za po\u015brednictwem formularzy elektronicznych.<\/li><li><strong>Wnioski zmianowe<\/strong>: System umo\u017cliwia r\u00f3wnie\u017c sk\u0142adanie wniosk\u00f3w o zmiany w ju\u017c zarejestrowanych podmiotach.<\/li><li><strong>Dost\u0119pno\u015b\u0107<\/strong>: e-KRS jest dost\u0119pny dla wszystkich zainteresowanych, co zwi\u0119ksza transparentno\u015b\u0107 i dost\u0119pno\u015b\u0107 informacji o przedsi\u0119biorcach.<\/li><li><strong>Godziny pracy<\/strong>: Centralna Informacja Krajowego Rejestru S\u0105dowego jest czynna od poniedzia\u0142ku do pi\u0105tku w godzinach 8:15-16:15.<\/li><\/ol><p>Dzi\u0119ki e-KRS, proces rejestracji staje si\u0119 bardziej efektywny, co przyczynia si\u0119 do poprawy warunk\u00f3w prowadzenia dzia\u0142alno\u015bci gospodarczej w Polsce. System ten jest cz\u0119\u015bci\u0105 szerszej reformy administracyjnej, maj\u0105cej na celu cyfryzacj\u0119 us\u0142ug publicznych.<\/p><\/div>\t\t\t\t\t\t\t\t<\/div>\n\t\t\t\t<\/div>\n\t\t\t\t<div class=\"elementor-element elementor-element-0615462 elementor-widget elementor-widget-spacer\" data-id=\"0615462\" data-element_type=\"widget\" data-widget_type=\"spacer.default\">\n\t\t\t\t<div class=\"elementor-widget-container\">\n\t\t\t\t\t\t\t<div class=\"elementor-spacer\">\n\t\t\t<div class=\"elementor-spacer-inner\"><\/div>\n\t\t<\/div>\n\t\t\t\t\t\t<\/div>\n\t\t\t\t<\/div>\n\t\t\t\t\t<\/div>\n\t\t\t\t<\/div>\n\t\t<div class=\"elementor-element elementor-element-a44e50c e-flex e-con-boxed e-con e-parent\" data-id=\"a44e50c\" data-element_type=\"container\">\n\t\t\t\t\t<div class=\"e-con-inner\">\n\t\t\t\t<div class=\"elementor-element elementor-element-91d16ea elementor-widget elementor-widget-spacer\" data-id=\"91d16ea\" data-element_type=\"widget\" data-widget_type=\"spacer.default\">\n\t\t\t\t<div class=\"elementor-widget-container\">\n\t\t\t\t\t\t\t<div class=\"elementor-spacer\">\n\t\t\t<div class=\"elementor-spacer-inner\"><\/div>\n\t\t<\/div>\n\t\t\t\t\t\t<\/div>\n\t\t\t\t<\/div>\n\t\t\t\t\t<\/div>\n\t\t\t\t<\/div>\n\t\t\t\t<\/div>\n\t\t","protected":false},"excerpt":{"rendered":"<p>e-KRS Czasem tw\u00f3j najlepszy biznes to ten, kt\u00f3rego nie zrobi\u0142e\u015b &#8211; Donald Trump Elektroniczny Krajowy Rejestr S\u0105dowy e-KRS, czyli Elektroniczny Krajowy Rejestr S\u0105dowy, to system umo\u017cliwiaj\u0105cy sk\u0142adanie wniosk\u00f3w oraz dokonywanie zmian w rejestrze przedsi\u0119biorc\u00f3w w formie elektronicznej. Jest to innowacyjne rozwi\u0105zanie, kt\u00f3re ma na celu uproszczenie i przyspieszenie proces\u00f3w rejestracyjnych w Polsce. Kluczowe informacje o&#8230;<\/p>\n","protected":false},"author":1,"featured_media":0,"parent":0,"menu_order":0,"comment_status":"closed","ping_status":"closed","template":"elementor_header_footer","meta":{"_kadence_starter_templates_imported_post":true,"_kad_post_transparent":"","_kad_post_title":"hide","_kad_post_layout":"normal","_kad_post_sidebar_id":"","_kad_post_content_style":"unboxed","_kad_post_vertical_padding":"hide","_kad_post_feature":"hide","_kad_post_feature_position":"","_kad_post_header":false,"_kad_post_footer":false,"footnotes":""},"class_list":["post-1274","page","type-page","status-publish","hentry"],"_links":{"self":[{"href":"https:\/\/pema.biz.pl\/index.php\/wp-json\/wp\/v2\/pages\/1274","targetHints":{"allow":["GET"]}}],"collection":[{"href":"https:\/\/pema.biz.pl\/index.php\/wp-json\/wp\/v2\/pages"}],"about":[{"href":"https:\/\/pema.biz.pl\/index.php\/wp-json\/wp\/v2\/types\/page"}],"author":[{"embeddable":true,"href":"https:\/\/pema.biz.pl\/index.php\/wp-json\/wp\/v2\/users\/1"}],"replies":[{"embeddable":true,"href":"https:\/\/pema.biz.pl\/index.php\/wp-json\/wp\/v2\/comments?post=1274"}],"version-history":[{"count":19,"href":"https:\/\/pema.biz.pl\/index.php\/wp-json\/wp\/v2\/pages\/1274\/revisions"}],"predecessor-version":[{"id":1698,"href":"https:\/\/pema.biz.pl\/index.php\/wp-json\/wp\/v2\/pages\/1274\/revisions\/1698"}],"wp:attachment":[{"href":"https:\/\/pema.biz.pl\/index.php\/wp-json\/wp\/v2\/media?parent=1274"}],"curies":[{"name":"wp","href":"https:\/\/api.w.org\/{rel}","templated":true}]}}