{"id":1276,"date":"2025-02-09T13:12:12","date_gmt":"2025-02-09T13:12:12","guid":{"rendered":"https:\/\/pema.biz.pl\/?page_id=1276"},"modified":"2025-02-14T08:12:56","modified_gmt":"2025-02-14T08:12:56","slug":"dotacje","status":"publish","type":"page","link":"https:\/\/pema.biz.pl\/index.php\/dotacje\/","title":{"rendered":"Dotacje"},"content":{"rendered":"\t\t<div data-elementor-type=\"wp-page\" data-elementor-id=\"1276\" class=\"elementor elementor-1276\">\n\t\t\t\t\t\t<section class=\"elementor-section elementor-top-section elementor-element elementor-element-8828dd8 elementor-section-height-min-height elementor-section-items-bottom elementor-section-boxed elementor-section-height-default\" data-id=\"8828dd8\" data-element_type=\"section\" data-settings=\"{&quot;background_background&quot;:&quot;gradient&quot;}\">\n\t\t\t\t\t\t\t<div class=\"elementor-background-overlay\"><\/div>\n\t\t\t\t\t\t\t<div class=\"elementor-container elementor-column-gap-default\">\n\t\t\t\t\t<div class=\"elementor-column elementor-col-100 elementor-top-column elementor-element elementor-element-6d43801\" data-id=\"6d43801\" data-element_type=\"column\">\n\t\t\t<div class=\"elementor-widget-wrap elementor-element-populated\">\n\t\t\t\t\t\t<div class=\"elementor-element elementor-element-31c8d6d animated-slow elementor-invisible elementor-widget elementor-widget-heading\" data-id=\"31c8d6d\" data-element_type=\"widget\" data-settings=\"{&quot;_animation&quot;:&quot;slideInRight&quot;,&quot;_animation_delay&quot;:1000}\" data-widget_type=\"heading.default\">\n\t\t\t\t<div class=\"elementor-widget-container\">\n\t\t\t\t\t<h1 class=\"elementor-heading-title elementor-size-default\">Dotacje<\/h1>\t\t\t\t<\/div>\n\t\t\t\t<\/div>\n\t\t\t\t<div class=\"elementor-element elementor-element-b98bcfc animated-slow elementor-invisible elementor-widget elementor-widget-text-editor\" data-id=\"b98bcfc\" data-element_type=\"widget\" data-settings=\"{&quot;_animation&quot;:&quot;slideInRight&quot;,&quot;_animation_delay&quot;:1500}\" data-widget_type=\"text-editor.default\">\n\t\t\t\t<div class=\"elementor-widget-container\">\n\t\t\t\t\t\t\t\t\t<p><strong>Aby odnie\u015b\u0107 sukces w interesach b\u0105d\u017a \u015bmia\u0142y, b\u0105d\u017a pierwszy, b\u0105d\u017a odmienny &#8211; <\/strong><em>Henry Marchant<\/em><\/p>\t\t\t\t\t\t\t\t<\/div>\n\t\t\t\t<\/div>\n\t\t\t\t\t<\/div>\n\t\t<\/div>\n\t\t\t\t\t<\/div>\n\t\t<\/section>\n\t\t<div class=\"elementor-element elementor-element-7872e70 e-flex e-con-boxed e-con e-parent\" data-id=\"7872e70\" data-element_type=\"container\">\n\t\t\t\t\t<div class=\"e-con-inner\">\n\t\t\t\t<div class=\"elementor-element elementor-element-34b3ce9 animated-slow elementor-invisible elementor-widget elementor-widget-image\" data-id=\"34b3ce9\" data-element_type=\"widget\" data-settings=\"{&quot;_animation&quot;:&quot;slideInRight&quot;,&quot;_animation_delay&quot;:2000}\" data-widget_type=\"image.default\">\n\t\t\t\t<div class=\"elementor-widget-container\">\n\t\t\t\t\t\t\t\t\t\t\t\t\t\t\t<img fetchpriority=\"high\" decoding=\"async\" width=\"300\" height=\"200\" src=\"https:\/\/pema.biz.pl\/wp-content\/uploads\/2025\/02\/dotacjem-300x200.jpg\" class=\"attachment-medium size-medium wp-image-1332\" alt=\"\" srcset=\"https:\/\/pema.biz.pl\/wp-content\/uploads\/2025\/02\/dotacjem-300x200.jpg 300w, https:\/\/pema.biz.pl\/wp-content\/uploads\/2025\/02\/dotacjem-768x512.jpg 768w, https:\/\/pema.biz.pl\/wp-content\/uploads\/2025\/02\/dotacjem.jpg 800w\" sizes=\"(max-width: 300px) 100vw, 300px\" \/>\t\t\t\t\t\t\t\t\t\t\t\t\t\t\t<\/div>\n\t\t\t\t<\/div>\n\t\t\t\t\t<\/div>\n\t\t\t\t<\/div>\n\t\t<div class=\"elementor-element elementor-element-815a617 e-flex e-con-boxed e-con e-parent\" data-id=\"815a617\" data-element_type=\"container\">\n\t\t\t\t\t<div class=\"e-con-inner\">\n\t\t\t\t<div class=\"elementor-element elementor-element-fc88452 elementor-widget elementor-widget-spacer\" data-id=\"fc88452\" data-element_type=\"widget\" data-widget_type=\"spacer.default\">\n\t\t\t\t<div class=\"elementor-widget-container\">\n\t\t\t\t\t\t\t<div class=\"elementor-spacer\">\n\t\t\t<div class=\"elementor-spacer-inner\"><\/div>\n\t\t<\/div>\n\t\t\t\t\t\t<\/div>\n\t\t\t\t<\/div>\n\t\t\t\t\t<\/div>\n\t\t\t\t<\/div>\n\t\t<div class=\"elementor-element elementor-element-99b2751 e-flex e-con-boxed e-con e-parent\" data-id=\"99b2751\" data-element_type=\"container\" data-settings=\"{&quot;background_background&quot;:&quot;classic&quot;}\">\n\t\t\t\t\t<div class=\"e-con-inner\">\n\t\t\t\t<div class=\"elementor-element elementor-element-cc44d74 elementor-widget elementor-widget-spacer\" data-id=\"cc44d74\" data-element_type=\"widget\" data-widget_type=\"spacer.default\">\n\t\t\t\t<div class=\"elementor-widget-container\">\n\t\t\t\t\t\t\t<div class=\"elementor-spacer\">\n\t\t\t<div class=\"elementor-spacer-inner\"><\/div>\n\t\t<\/div>\n\t\t\t\t\t\t<\/div>\n\t\t\t\t<\/div>\n\t\t\t\t<div class=\"elementor-element elementor-element-6a5ba04 elementor-widget elementor-widget-text-editor\" data-id=\"6a5ba04\" data-element_type=\"widget\" data-widget_type=\"text-editor.default\">\n\t\t\t\t<div class=\"elementor-widget-container\">\n\t\t\t\t\t\t\t\t\t<p>Oferujemy kompleksow\u0105 pomoc w pozyskiwaniu dofinansowa\u0144 dla firm, dostosowan\u0105 do ich unikalnych potrzeb i cel\u00f3w.<\/p><p>Wspieramy przedsi\u0119biorstwa na ka\u017cdym etapie procesu \u2013 od identyfikacji odpowiednich program\u00f3w po skuteczne aplikowanie i rozliczanie otrzymanych \u015brodk\u00f3w.<\/p><p>Specjalizujemy si\u0119 w dofinansowaniach na\u00a0<strong>innowacje, badania i rozw\u00f3j, startupy, wyjazdy zagraniczne na targi, reklam\u0119 i marketing, termomodernizacje, budowy<\/strong>\u00a0i wiele innych przedsi\u0119wzi\u0119\u0107.<\/p><p>Nasze wsparcie obejmuje zar\u00f3wno przygotowanie wniosk\u00f3w, jak i pe\u0142n\u0105 obs\u0142ug\u0119 formalno-prawn\u0105.<\/p><p>Dzia\u0142amy r\u00f3wnie\u017c w sytuacjach, gdy instytucja odmawia przyznania \u015brodk\u00f3w \u2013 analizujemy przyczyny, sk\u0142adamy odwo\u0142ania i walczymy o pozytywne rozpatrzenie wniosku.<\/p><p>Zajmujemy si\u0119 tak\u017ce rozliczeniami dofinansowa\u0144, dbaj\u0105c o prawid\u0142owe i terminowe przeprowadzenie ca\u0142ego procesu.<\/p><p>Dzi\u0119ki naszemu do\u015bwiadczeniu i zaanga\u017cowaniu zwi\u0119kszamy szanse na uzyskanie wsparcia finansowego, kt\u00f3re przyspieszy rozw\u00f3j Twojej firmy.<\/p><p>Skontaktuj si\u0119 z nami i wykorzystaj dost\u0119pne mo\u017cliwo\u015bci do maksimum!<\/p>\t\t\t\t\t\t\t\t<\/div>\n\t\t\t\t<\/div>\n\t\t\t\t<div class=\"elementor-element elementor-element-611827c elementor-widget elementor-widget-spacer\" data-id=\"611827c\" data-element_type=\"widget\" data-widget_type=\"spacer.default\">\n\t\t\t\t<div class=\"elementor-widget-container\">\n\t\t\t\t\t\t\t<div class=\"elementor-spacer\">\n\t\t\t<div class=\"elementor-spacer-inner\"><\/div>\n\t\t<\/div>\n\t\t\t\t\t\t<\/div>\n\t\t\t\t<\/div>\n\t\t\t\t\t<\/div>\n\t\t\t\t<\/div>\n\t\t\t\t<\/div>\n\t\t","protected":false},"excerpt":{"rendered":"<p>Dotacje Aby odnie\u015b\u0107 sukces w interesach b\u0105d\u017a \u015bmia\u0142y, b\u0105d\u017a pierwszy, b\u0105d\u017a odmienny &#8211; Henry Marchant Oferujemy kompleksow\u0105 pomoc w pozyskiwaniu dofinansowa\u0144 dla firm, dostosowan\u0105 do ich unikalnych potrzeb i cel\u00f3w. Wspieramy przedsi\u0119biorstwa na ka\u017cdym etapie procesu \u2013 od identyfikacji odpowiednich program\u00f3w po skuteczne aplikowanie i rozliczanie otrzymanych \u015brodk\u00f3w. Specjalizujemy si\u0119 w dofinansowaniach na\u00a0innowacje, badania i&#8230;<\/p>\n","protected":false},"author":1,"featured_media":0,"parent":0,"menu_order":0,"comment_status":"closed","ping_status":"closed","template":"elementor_header_footer","meta":{"_kadence_starter_templates_imported_post":true,"_kad_post_transparent":"","_kad_post_title":"hide","_kad_post_layout":"normal","_kad_post_sidebar_id":"","_kad_post_content_style":"unboxed","_kad_post_vertical_padding":"hide","_kad_post_feature":"hide","_kad_post_feature_position":"","_kad_post_header":false,"_kad_post_footer":false,"footnotes":""},"class_list":["post-1276","page","type-page","status-publish","hentry"],"_links":{"self":[{"href":"https:\/\/pema.biz.pl\/index.php\/wp-json\/wp\/v2\/pages\/1276","targetHints":{"allow":["GET"]}}],"collection":[{"href":"https:\/\/pema.biz.pl\/index.php\/wp-json\/wp\/v2\/pages"}],"about":[{"href":"https:\/\/pema.biz.pl\/index.php\/wp-json\/wp\/v2\/types\/page"}],"author":[{"embeddable":true,"href":"https:\/\/pema.biz.pl\/index.php\/wp-json\/wp\/v2\/users\/1"}],"replies":[{"embeddable":true,"href":"https:\/\/pema.biz.pl\/index.php\/wp-json\/wp\/v2\/comments?post=1276"}],"version-history":[{"count":22,"href":"https:\/\/pema.biz.pl\/index.php\/wp-json\/wp\/v2\/pages\/1276\/revisions"}],"predecessor-version":[{"id":1716,"href":"https:\/\/pema.biz.pl\/index.php\/wp-json\/wp\/v2\/pages\/1276\/revisions\/1716"}],"wp:attachment":[{"href":"https:\/\/pema.biz.pl\/index.php\/wp-json\/wp\/v2\/media?parent=1276"}],"curies":[{"name":"wp","href":"https:\/\/api.w.org\/{rel}","templated":true}]}}