{"id":489,"date":"2020-10-16T17:41:01","date_gmt":"2020-10-16T14:41:01","guid":{"rendered":"https:\/\/www.grafas.org\/demo01\/?page_id=489"},"modified":"2025-02-12T14:24:10","modified_gmt":"2025-02-12T14:24:10","slug":"kadry-i-place","status":"publish","type":"page","link":"https:\/\/pema.biz.pl\/index.php\/kadry-i-place\/","title":{"rendered":"Kadry i p\u0142ace"},"content":{"rendered":"\t\t<div data-elementor-type=\"wp-page\" data-elementor-id=\"489\" class=\"elementor elementor-489\">\n\t\t\t\t\t\t<section class=\"elementor-section elementor-top-section elementor-element elementor-element-8828dd8 elementor-section-height-min-height elementor-section-items-bottom elementor-section-boxed elementor-section-height-default\" data-id=\"8828dd8\" data-element_type=\"section\" data-settings=\"{&quot;background_background&quot;:&quot;gradient&quot;}\">\n\t\t\t\t\t\t\t<div class=\"elementor-background-overlay\"><\/div>\n\t\t\t\t\t\t\t<div class=\"elementor-container elementor-column-gap-default\">\n\t\t\t\t\t<div class=\"elementor-column elementor-col-100 elementor-top-column elementor-element elementor-element-6d43801\" data-id=\"6d43801\" data-element_type=\"column\">\n\t\t\t<div class=\"elementor-widget-wrap elementor-element-populated\">\n\t\t\t\t\t\t<div class=\"elementor-element elementor-element-31c8d6d animated-slow elementor-invisible elementor-widget elementor-widget-heading\" data-id=\"31c8d6d\" data-element_type=\"widget\" data-settings=\"{&quot;_animation&quot;:&quot;slideInRight&quot;,&quot;_animation_delay&quot;:1000}\" data-widget_type=\"heading.default\">\n\t\t\t\t<div class=\"elementor-widget-container\">\n\t\t\t\t\t<h1 class=\"elementor-heading-title elementor-size-default\">Kadry i p\u0142ace<\/h1>\t\t\t\t<\/div>\n\t\t\t\t<\/div>\n\t\t\t\t<div class=\"elementor-element elementor-element-ee46598 animated-slow elementor-invisible elementor-widget elementor-widget-text-editor\" data-id=\"ee46598\" data-element_type=\"widget\" data-settings=\"{&quot;_animation&quot;:&quot;slideInRight&quot;,&quot;_animation_delay&quot;:1500}\" data-widget_type=\"text-editor.default\">\n\t\t\t\t<div class=\"elementor-widget-container\">\n\t\t\t\t\t\t\t\t\t<p><strong>M\u00f3wi\u0105, \u017ce wszystko, co zdarza si\u0119 nam w tym \u017cyciu, jest zap\u0142at\u0105 za to, co zrobi\u0142o si\u0119 w poprzednim. &#8211; <\/strong><em>Han Malsuk<\/em><\/p>\t\t\t\t\t\t\t\t<\/div>\n\t\t\t\t<\/div>\n\t\t\t\t\t<\/div>\n\t\t<\/div>\n\t\t\t\t\t<\/div>\n\t\t<\/section>\n\t\t<div class=\"elementor-element elementor-element-c4e2ae5 e-flex e-con-boxed e-con e-parent\" data-id=\"c4e2ae5\" data-element_type=\"container\">\n\t\t\t\t\t<div class=\"e-con-inner\">\n\t\t\t\t<div class=\"elementor-element elementor-element-75b6775 animated-slow elementor-invisible elementor-widget elementor-widget-image\" data-id=\"75b6775\" data-element_type=\"widget\" data-settings=\"{&quot;_animation&quot;:&quot;slideInRight&quot;,&quot;_animation_delay&quot;:2000}\" data-widget_type=\"image.default\">\n\t\t\t\t<div class=\"elementor-widget-container\">\n\t\t\t\t\t\t\t\t\t\t\t\t\t\t\t<img fetchpriority=\"high\" decoding=\"async\" width=\"300\" height=\"200\" src=\"https:\/\/pema.biz.pl\/wp-content\/uploads\/2025\/02\/kadrym-300x200.jpg\" class=\"attachment-medium size-medium wp-image-1325\" alt=\"\" srcset=\"https:\/\/pema.biz.pl\/wp-content\/uploads\/2025\/02\/kadrym-300x200.jpg 300w, https:\/\/pema.biz.pl\/wp-content\/uploads\/2025\/02\/kadrym-768x512.jpg 768w, https:\/\/pema.biz.pl\/wp-content\/uploads\/2025\/02\/kadrym.jpg 800w\" sizes=\"(max-width: 300px) 100vw, 300px\" \/>\t\t\t\t\t\t\t\t\t\t\t\t\t\t\t<\/div>\n\t\t\t\t<\/div>\n\t\t\t\t<div class=\"elementor-element elementor-element-d7f0dc1 elementor-widget elementor-widget-spacer\" data-id=\"d7f0dc1\" data-element_type=\"widget\" data-widget_type=\"spacer.default\">\n\t\t\t\t<div class=\"elementor-widget-container\">\n\t\t\t\t\t\t\t<div class=\"elementor-spacer\">\n\t\t\t<div class=\"elementor-spacer-inner\"><\/div>\n\t\t<\/div>\n\t\t\t\t\t\t<\/div>\n\t\t\t\t<\/div>\n\t\t\t\t\t<\/div>\n\t\t\t\t<\/div>\n\t\t<div class=\"elementor-element elementor-element-3ad3b3b e-flex e-con-boxed e-con e-parent\" data-id=\"3ad3b3b\" data-element_type=\"container\" data-settings=\"{&quot;background_background&quot;:&quot;classic&quot;}\">\n\t\t\t\t\t<div class=\"e-con-inner\">\n\t\t\t\t<div class=\"elementor-element elementor-element-211ee65 elementor-widget elementor-widget-spacer\" data-id=\"211ee65\" data-element_type=\"widget\" data-widget_type=\"spacer.default\">\n\t\t\t\t<div class=\"elementor-widget-container\">\n\t\t\t\t\t\t\t<div class=\"elementor-spacer\">\n\t\t\t<div class=\"elementor-spacer-inner\"><\/div>\n\t\t<\/div>\n\t\t\t\t\t\t<\/div>\n\t\t\t\t<\/div>\n\t\t\t\t<div class=\"elementor-element elementor-element-728def2 elementor-widget elementor-widget-text-editor\" data-id=\"728def2\" data-element_type=\"widget\" data-widget_type=\"text-editor.default\">\n\t\t\t\t<div class=\"elementor-widget-container\">\n\t\t\t\t\t\t\t\t\t<p><strong>Twoja firma<\/strong> zatrudnia pracownik\u00f3w? &#8211; w\u00f3wczas zachodzi konieczno\u015b\u0107 prowadzenia rozbudowanego dzia\u0142u kadr i p\u0142ac.<br \/>R\u00f3wnie\u017c te us\u0142ugi mo\u017cesz zleci\u0107 naszym kadrowcom.<br \/>Biuro Rachunkowe podejmuje si\u0119 obs\u0142ugi kadrowo-p\u0142acowej w bardzo szerokim zakresie, dopasowanym<br \/>do indywidualnych potrzeb klient\u00f3w.<br \/>Odci\u0105\u017cymy Ci\u0119 z trudnych, pracoch\u0142onnych i czasoch\u0142onnych zada\u0144.<\/p><p><span style=\"text-decoration: underline;\"><strong>W ramach oferowanych us\u0142ug, nasza kadrowa :<\/strong><\/span><\/p><ul><li>prowadzi ewidencj\u0119 danych w systemach kadrowo-p\u0142acowych,<\/li><li>ewidencj\u0119 w aktach osobowych,<\/li><li>ewidencj\u0119 urlop\u00f3w , zwolnie\u0144 lekarskich<\/li><li>sporz\u0105dza listy p\u0142ac i nalicza wynagrodzenia,<\/li><li>wspiera proces zatrudnienia pracownika \u2013 kontakt z PUP i Agencjami Pracy , zg\u0142oszenia do ZUS,<br \/>sk\u0142adania deklaracji PFRON , wystawiania za\u015bwiadcze\u0144 o zarobkach, \u015bwiadectw pracy,<\/li><li>Monitorowanie wa\u017cno\u015bci bada\u0144 lekarskich i szkole\u0144 BHP.<\/li><li>Mo\u017cemy reprezentowa\u0107 Twoje interesy przed urz\u0119dami pa\u0144stwowymi : ZUS, US, PIP, PFRON<\/li><\/ul><p>Swoje dzia\u0142ania skieruj na rozbudow\u0119 oferty, zwi\u0119kszanie dochodu, zarz\u0105dzanie zespo\u0142em i budowanie<br \/>marki.<\/p><p>Zapraszamy do wsp\u00f3\u0142pracy<\/p>\t\t\t\t\t\t\t\t<\/div>\n\t\t\t\t<\/div>\n\t\t\t\t<div class=\"elementor-element elementor-element-0e9914c elementor-widget elementor-widget-spacer\" data-id=\"0e9914c\" data-element_type=\"widget\" data-widget_type=\"spacer.default\">\n\t\t\t\t<div class=\"elementor-widget-container\">\n\t\t\t\t\t\t\t<div class=\"elementor-spacer\">\n\t\t\t<div class=\"elementor-spacer-inner\"><\/div>\n\t\t<\/div>\n\t\t\t\t\t\t<\/div>\n\t\t\t\t<\/div>\n\t\t\t\t\t<\/div>\n\t\t\t\t<\/div>\n\t\t<div class=\"elementor-element elementor-element-ddeb246 e-flex e-con-boxed e-con e-parent\" data-id=\"ddeb246\" data-element_type=\"container\">\n\t\t\t\t\t<div class=\"e-con-inner\">\n\t\t\t\t<div class=\"elementor-element elementor-element-b11cd5d elementor-widget elementor-widget-spacer\" data-id=\"b11cd5d\" data-element_type=\"widget\" data-widget_type=\"spacer.default\">\n\t\t\t\t<div class=\"elementor-widget-container\">\n\t\t\t\t\t\t\t<div class=\"elementor-spacer\">\n\t\t\t<div class=\"elementor-spacer-inner\"><\/div>\n\t\t<\/div>\n\t\t\t\t\t\t<\/div>\n\t\t\t\t<\/div>\n\t\t\t\t\t<\/div>\n\t\t\t\t<\/div>\n\t\t\t\t<\/div>\n\t\t","protected":false},"excerpt":{"rendered":"<p>Kadry i p\u0142ace M\u00f3wi\u0105, \u017ce wszystko, co zdarza si\u0119 nam w tym \u017cyciu, jest zap\u0142at\u0105 za to, co zrobi\u0142o si\u0119 w poprzednim. &#8211; Han Malsuk Twoja firma zatrudnia pracownik\u00f3w? &#8211; w\u00f3wczas zachodzi konieczno\u015b\u0107 prowadzenia rozbudowanego dzia\u0142u kadr i p\u0142ac.R\u00f3wnie\u017c te us\u0142ugi mo\u017cesz zleci\u0107 naszym kadrowcom.Biuro Rachunkowe podejmuje si\u0119 obs\u0142ugi kadrowo-p\u0142acowej w bardzo szerokim zakresie, dopasowanymdo&#8230;<\/p>\n","protected":false},"author":1,"featured_media":0,"parent":0,"menu_order":0,"comment_status":"closed","ping_status":"closed","template":"elementor_header_footer","meta":{"_kadence_starter_templates_imported_post":true,"_kad_post_transparent":"","_kad_post_title":"hide","_kad_post_layout":"normal","_kad_post_sidebar_id":"","_kad_post_content_style":"unboxed","_kad_post_vertical_padding":"hide","_kad_post_feature":"hide","_kad_post_feature_position":"","_kad_post_header":false,"_kad_post_footer":false,"footnotes":""},"class_list":["post-489","page","type-page","status-publish","hentry"],"_links":{"self":[{"href":"https:\/\/pema.biz.pl\/index.php\/wp-json\/wp\/v2\/pages\/489","targetHints":{"allow":["GET"]}}],"collection":[{"href":"https:\/\/pema.biz.pl\/index.php\/wp-json\/wp\/v2\/pages"}],"about":[{"href":"https:\/\/pema.biz.pl\/index.php\/wp-json\/wp\/v2\/types\/page"}],"author":[{"embeddable":true,"href":"https:\/\/pema.biz.pl\/index.php\/wp-json\/wp\/v2\/users\/1"}],"replies":[{"embeddable":true,"href":"https:\/\/pema.biz.pl\/index.php\/wp-json\/wp\/v2\/comments?post=489"}],"version-history":[{"count":39,"href":"https:\/\/pema.biz.pl\/index.php\/wp-json\/wp\/v2\/pages\/489\/revisions"}],"predecessor-version":[{"id":1780,"href":"https:\/\/pema.biz.pl\/index.php\/wp-json\/wp\/v2\/pages\/489\/revisions\/1780"}],"wp:attachment":[{"href":"https:\/\/pema.biz.pl\/index.php\/wp-json\/wp\/v2\/media?parent=489"}],"curies":[{"name":"wp","href":"https:\/\/api.w.org\/{rel}","templated":true}]}}